{"id":52,"date":"2022-08-13T11:09:12","date_gmt":"2022-08-13T09:09:12","guid":{"rendered":"http:\/\/grawer.com.pl\/?page_id=52"},"modified":"2022-08-13T13:44:58","modified_gmt":"2022-08-13T11:44:58","slug":"o-nas","status":"publish","type":"page","link":"http:\/\/grawer.com.pl\/?page_id=52","title":{"rendered":"O nas"},"content":{"rendered":"<div class=\"\" style=\"\" >\n    \n    <section class=\"u-align-center u-clearfix u-image u-shading u-section-2\" src=\"\" data-image-width=\"2560\" data-image-height=\"2355\" id=\"sec-e29e\" style=\"background-image: linear-gradient(0deg, rgba(0, 0, 0, 0.4), rgba(0, 0, 0, 0.4)), url(&quot;http:\/\/grawer.com.pl\/wp-content\/uploads\/2022\/08\/pexels-daniel-smyth-10406128-scaled.jpg&quot;);\">\n      <div class=\"u-clearfix u-sheet u-valign-middle-xs u-sheet-1\">\n        <h1 class=\"u-custom-font u-font-montserrat u-text u-text-default u-title u-text-1\" data-animation-name=\"customAnimationIn\" data-animation-duration=\"1000\">O nas<\/h1>\n      <\/div>\n    <\/section>\n    <section class=\"u-align-center u-clearfix u-white u-section-3\" id=\"sec-22e2\">\n      <div class=\"u-clearfix u-sheet u-valign-middle u-sheet-1\">\n        <p class=\"u-align-justify u-custom-font u-font-montserrat u-text u-text-1\" data-animation-name=\"customAnimationIn\" data-animation-duration=\"1000\">\n          <span style=\"font-weight: 700;\">Pracownia Grawer Pawe\u0142 Sitko istnieje od 1970 roku<\/span>. To rodzinna, ceniona na \u015al\u0105sku firma z tradycjami. Pawe\u0142 to cz\u0142owi\u200b\u200bek z talentem, kt\u00f3ry nabywa\u0142 zdolno\u015bci pod okiem swojego dziadka i ojca. Te potem dope\u0142ni\u0142 studiami, prac\u0105 w zak\u0142adzie i finalnie przej\u0119ciem pracowni.&nbsp;<br>\n          <br>W swojej historii <span style=\"font-weight: 700;\">pracownia wykonywa\u0142a zlecenia dla bardzo wielu klient\u00f3w i cienionych marek<\/span>. Z us\u0142ug pracowni korzystaj\u0105 firmy komercyjne, produkcyjne, urz\u0119dy, producenci ale tak\u017ce klienci indywidualni.&nbsp;<span style=\"font-weight: 700;\">Specjalizujemy si\u0119 g\u0142\u00f3wnie w wykonywaniu tablic znamionowych, tablic informacyjnych, szyld\u00f3w, referentek, lak\u00f3wek, plombownic, marek narz\u0119dziowych<\/span> i\u200btp.<br>\n          <br>Cho\u0107 zwykle naszym klientem s\u0105 klienci przemys\u0142owi to nawet te najmniejsze zlecenia, kt\u00f3re zwykle wymagaj\u0105 stosunkowo najwi\u0119kszego wk\u0142adu pracy - s\u0105 traktowane bardzo powa\u017cnie.&nbsp;<br>\n          <br>Profesjonalizm, jako\u015b\u0107 i zgodno\u015b\u0107 ze sztuk\u0105 - na tym opiera si\u0119 nasza praca i wieloletnie dzia\u0142anie na rynku!\n        <\/p>\n      <\/div>\n    <\/section>\n    <section class=\"u-align-center u-clearfix u-grey-5 u-section-4\" id=\"sec-cd7d\">\n      <div class=\"u-clearfix u-sheet u-valign-middle-xs u-sheet-1\">\n        <div class=\"u-expanded-width u-gallery u-layout-grid u-lightbox u-show-text-on-hover u-gallery-1\">\n          <div class=\"u-gallery-inner u-gallery-inner-1\">\n            <div class=\"u-effect-fade u-effect-hover-slide u-gallery-item\">\n              <div class=\"u-back-slide\" data-image-width=\"464\" data-image-height=\"600\">\n                <img decoding=\"async\" class=\"u-back-image u-effect-hover-slide-direction-left u-expanded u-back-image-1\" src=\"http:\/\/grawer.com.pl\/wp-content\/uploads\/2022\/08\/img_10-1.jpg\">\n              <\/div>\n              <div class=\"u-over-slide u-shading u-over-slide-1\">\n                <h3 class=\"u-gallery-heading\"><\/h3>\n                <p class=\"u-gallery-text\"><\/p>\n              <\/div>\n            <\/div>\n            <div class=\"u-effect-fade u-effect-hover-slide u-gallery-item\">\n              <div class=\"u-back-slide\" data-image-width=\"435\" data-image-height=\"600\">\n                <img decoding=\"async\" class=\"u-back-image u-effect-hover-slide-direction-left u-expanded u-back-image-2\" src=\"http:\/\/grawer.com.pl\/wp-content\/uploads\/2022\/08\/img_8-1.jpg\">\n              <\/div>\n              <div class=\"u-over-slide u-shading u-over-slide-2\">\n                <h3 class=\"u-gallery-heading\"><\/h3>\n                <p class=\"u-gallery-text\"><\/p>\n              <\/div>\n            <\/div>\n            <div class=\"u-effect-fade u-effect-hover-slide u-gallery-item\">\n              <div class=\"u-back-slide\" data-image-width=\"600\" data-image-height=\"562\">\n                <img decoding=\"async\" class=\"u-back-image u-effect-hover-slide-direction-left u-expanded u-back-image-3\" src=\"http:\/\/grawer.com.pl\/wp-content\/uploads\/2022\/08\/img_9-1.jpg\">\n              <\/div>\n              <div class=\"u-over-slide u-shading u-over-slide-3\">\n                <h3 class=\"u-gallery-heading\"><\/h3>\n                <p class=\"u-gallery-text\"><\/p>\n              <\/div>\n            <\/div>\n            <div class=\"u-effect-fade u-effect-hover-slide u-gallery-item\">\n              <div class=\"u-back-slide\" data-image-width=\"431\" data-image-height=\"600\">\n                <img decoding=\"async\" class=\"u-back-image u-effect-hover-slide-direction-left u-expanded u-back-image-4\" src=\"http:\/\/grawer.com.pl\/wp-content\/uploads\/2022\/08\/img_7-1.jpg\">\n              <\/div>\n              <div class=\"u-over-slide u-shading u-over-slide-4\">\n                <h3 class=\"u-gallery-heading\"><\/h3>\n                <p class=\"u-gallery-text\"><\/p>\n              <\/div>\n            <\/div>\n            <div class=\"u-effect-fade u-effect-hover-slide u-gallery-item\">\n              <div class=\"u-back-slide\" data-image-width=\"434\" data-image-height=\"582\">\n                <img decoding=\"async\" class=\"u-back-image u-effect-hover-slide-direction-left u-expanded u-back-image-5\" src=\"http:\/\/grawer.com.pl\/wp-content\/uploads\/2022\/08\/img_6-1.jpg\">\n              <\/div>\n              <div class=\"u-over-slide u-shading u-over-slide-5\">\n                <h3 class=\"u-gallery-heading\"><\/h3>\n                <p class=\"u-gallery-text\"><\/p>\n              <\/div>\n            <\/div>\n          <\/div>\n        <\/div>\n      <\/div>\n    <\/section>\n    <section class=\"u-align-center u-clearfix u-grey-70 u-section-5\" id=\"carousel_eeec\">\n      <div class=\"u-align-left u-clearfix u-sheet u-sheet-1\">\n        <h4 class=\"u-custom-font u-font-montserrat u-text u-text-1\" data-animation-name=\"pulse\" data-animation-duration=\"1000\" data-animation-direction=\"\">Poznajmy si\u0119!<\/h4>\n        <a href=\"http:\/\/grawer.com.pl\/?page_id=75\" class=\"u-active-grey-50 u-border-hover-palette-1-base u-border-none u-btn u-button-style u-custom-font u-font-montserrat u-grey-30 u-hover-grey-75 u-btn-1\" data-animation-name=\"pulse\" data-animation-duration=\"1000\" data-animation-direction=\"\">kontakt<\/a>\n        <a href=\"http:\/\/grawer.com.pl\/?page_id=89\" class=\"u-active-grey-50 u-border-hover-palette-1-base u-border-none u-btn u-button-style u-custom-font u-font-montserrat u-grey-30 u-hover-grey-75 u-btn-2\" data-animation-name=\"pulse\" data-animation-duration=\"1000\" data-animation-direction=\"\">oferta<\/a>\n      <\/div>\n    <\/section>\n    \n    \n    \n  \n<\/div>","protected":false},"excerpt":{"rendered":"<p>O nas Pracownia Grawer Pawe\u0142 Sitko istnieje od 1970 roku. To rodzinna, ceniona na \u015al\u0105sku firma z tradycjami. Pawe\u0142 to cz\u0142owi\u200b\u200bek z talentem, kt\u00f3ry nabywa\u0142 &hellip;<\/p>\n","protected":false},"author":1,"featured_media":36,"parent":0,"menu_order":0,"comment_status":"closed","ping_status":"closed","template":"","meta":{"_monsterinsights_skip_tracking":false,"_monsterinsights_sitenote_active":false,"_monsterinsights_sitenote_note":"","_monsterinsights_sitenote_category":0,"footnotes":""},"class_list":["post-52","page","type-page","status-publish","has-post-thumbnail","hentry"],"aioseo_notices":[],"_links":{"self":[{"href":"http:\/\/grawer.com.pl\/index.php?rest_route=\/wp\/v2\/pages\/52","targetHints":{"allow":["GET"]}}],"collection":[{"href":"http:\/\/grawer.com.pl\/index.php?rest_route=\/wp\/v2\/pages"}],"about":[{"href":"http:\/\/grawer.com.pl\/index.php?rest_route=\/wp\/v2\/types\/page"}],"author":[{"embeddable":true,"href":"http:\/\/grawer.com.pl\/index.php?rest_route=\/wp\/v2\/users\/1"}],"replies":[{"embeddable":true,"href":"http:\/\/grawer.com.pl\/index.php?rest_route=%2Fwp%2Fv2%2Fcomments&post=52"}],"version-history":[{"count":3,"href":"http:\/\/grawer.com.pl\/index.php?rest_route=\/wp\/v2\/pages\/52\/revisions"}],"predecessor-version":[{"id":82,"href":"http:\/\/grawer.com.pl\/index.php?rest_route=\/wp\/v2\/pages\/52\/revisions\/82"}],"wp:featuredmedia":[{"embeddable":true,"href":"http:\/\/grawer.com.pl\/index.php?rest_route=\/wp\/v2\/media\/36"}],"wp:attachment":[{"href":"http:\/\/grawer.com.pl\/index.php?rest_route=%2Fwp%2Fv2%2Fmedia&parent=52"}],"curies":[{"name":"wp","href":"https:\/\/api.w.org\/{rel}","templated":true}]}}